{"id":18,"date":"2017-04-20T11:48:35","date_gmt":"2017-04-20T09:48:35","guid":{"rendered":"http:\/\/spconseils.eu\/?page_id=18"},"modified":"2026-03-12T15:47:59","modified_gmt":"2026-03-12T14:47:59","slug":"stephane-porte-conseils","status":"publish","type":"page","link":"https:\/\/www.spconseils.eu\/","title":{"rendered":"St\u00e9phane Porte Conseils"},"content":{"rendered":"\n<h2 class=\"wp-block-heading\"><strong>Consultant en organisation et informatique ind\u00e9pendant \u00a0<\/strong><\/h2>\n\n\n<p><strong>\u00a0 <\/strong><strong style=\"font-size: revert; color: initial;\">U<\/strong><strong style=\"font-size: revert; color: initial;\">ne exp\u00e9rience de plus 27<\/strong><strong style=\"font-size: revert; color: initial;\">\u00a0ans <\/strong><span style=\"font-size: revert; color: initial;\">d&rsquo;activit\u00e9 de conseil dans des entreprises tr\u00e8s vari\u00e9es, permet de r\u00e9pondre rapidement et \u00e0\u00a0 coup s\u00fbr \u00e0 vos besoins.<\/span><\/p>\n<form id=\"aspnetForm\" action=\"\/\" method=\"post\">\n<div id=\"authWrapper\">\n<div id=\"s4-workspace\">\n<div id=\"s4-bodyContainer\">\n<div id=\"ms-belltown-table\" class=\"ms-table\">\n<div class=\"ms-tableRow\">\n<div class=\"ms-tableCell\">\n<div class=\"contentwrapper\">\n<div class=\"ms-table ms-fullWidth\">\n<div class=\"ms-tableRow\">\n<div id=\"contentBox\" class=\"ms-pub-contentLayout ms-verticalAlignTop\">\n<div id=\"DeltaPlaceHolderMain\">\n<div class=\"layout-col fullPageLayout ms-verticalAlignTop layout-col-Accueil fullPageLayout-Accueil ms-verticalAlignTop-Accueil\">\n<div class=\"fullPageLayout-inner fullPageLayout-inner-Accueil\">\n<div id=\"ctl00_PlaceHolderMain_ctl02__ControlWrapper_RichHtmlField\" class=\"ms-rtestate-field\">\n<p>Aide et conseil \u00e0 la mise en place\u00a0ou former \u00e0 :<\/p>\n<ul>\n<li><em>l\u2019utilisation de logiciels sp\u00e9cifiques\u00a0<\/em><\/li>\n<li><em>la gestion organisationnelle de tout ou partie de votre entreprise<\/em><\/li>\n<li><em>la gestion et maintenance de vos moyens informatiques <\/em><\/li>\n<li><em>la mise en place d\u2019outils informatiques <\/em><\/li>\n<li><em>audits informatiques <\/em><\/li>\n<li><em>audits organisationnels<\/em><\/li>\n<li><em>Conception et audit de site Internet de pr\u00e9sentation ou de vente<\/em><\/li>\n<li><em>respect de la RGPD (r\u00e8glement g\u00e9n\u00e9ral sur la protection des donn\u00e9es)<\/em><\/li>\n<\/ul>\n<\/div>\n<\/div>\n<\/div>\n<\/div>\n<\/div>\n<\/div>\n<\/div>\n<\/div>\n<\/div>\n<\/div>\n<\/div>\n<\/div>\n<\/div>\n<\/div>\n<\/form>\n\n\n<p><\/p>\n\n\n\n<p><\/p>\n","protected":false},"excerpt":{"rendered":"<p>Consultant en organisation et informatique ind\u00e9pendant \u00a0 \u00a0 Une exp\u00e9rience de plus 27\u00a0ans d&rsquo;activit\u00e9 de conseil dans des entreprises tr\u00e8s vari\u00e9es, permet de r\u00e9pondre rapidement et \u00e0\u00a0 coup s\u00fbr \u00e0 vos besoins. Aide et conseil \u00e0 la mise en place\u00a0ou former \u00e0 : l\u2019utilisation de logiciels sp\u00e9cifiques\u00a0 la gestion organisationnelle de tout ou partie de [&hellip;]<\/p>\n","protected":false},"author":1,"featured_media":0,"parent":0,"menu_order":0,"comment_status":"closed","ping_status":"closed","template":"","meta":{"footnotes":""},"class_list":["post-18","page","type-page","status-publish","hentry"],"_links":{"self":[{"href":"https:\/\/www.spconseils.eu\/index.php\/wp-json\/wp\/v2\/pages\/18","targetHints":{"allow":["GET"]}}],"collection":[{"href":"https:\/\/www.spconseils.eu\/index.php\/wp-json\/wp\/v2\/pages"}],"about":[{"href":"https:\/\/www.spconseils.eu\/index.php\/wp-json\/wp\/v2\/types\/page"}],"author":[{"embeddable":true,"href":"https:\/\/www.spconseils.eu\/index.php\/wp-json\/wp\/v2\/users\/1"}],"replies":[{"embeddable":true,"href":"https:\/\/www.spconseils.eu\/index.php\/wp-json\/wp\/v2\/comments?post=18"}],"version-history":[{"count":45,"href":"https:\/\/www.spconseils.eu\/index.php\/wp-json\/wp\/v2\/pages\/18\/revisions"}],"predecessor-version":[{"id":525,"href":"https:\/\/www.spconseils.eu\/index.php\/wp-json\/wp\/v2\/pages\/18\/revisions\/525"}],"wp:attachment":[{"href":"https:\/\/www.spconseils.eu\/index.php\/wp-json\/wp\/v2\/media?parent=18"}],"curies":[{"name":"wp","href":"https:\/\/api.w.org\/{rel}","templated":true}]}}