{"id":258,"date":"2021-03-04T08:12:09","date_gmt":"2021-03-04T07:12:09","guid":{"rendered":"https:\/\/www.spconseils.eu\/?page_id=258"},"modified":"2023-04-22T06:49:01","modified_gmt":"2023-04-22T04:49:01","slug":"inscription-a-la-newletter","status":"publish","type":"page","link":"https:\/\/www.spconseils.eu\/index.php\/inscription-a-la-newletter\/","title":{"rendered":"Inscription \u00e0 la newletter"},"content":{"rendered":"\n<div style=\"padding:20px\" class=\"wp-block-tnp-minimal\"><p><strong>Inscrivez vous \u00e0 la newsletter. <br\/><\/strong><br\/>Rien n&rsquo;est d\u00e9finitif vous pourrez vous d\u00e9sinscrire quand vous voulez avec le lien pr\u00e9sent sur chaque mail re\u00e7u.<br\/><br\/>Vous allez recevoir r\u00e9guli\u00e8rement des informations des astuces \u00e0 l&rsquo;usage des outils informatiques qui je l&rsquo;esp\u00e8re vous aidera \u00e0 mieux travailler sur votre ordinateur.<br\/><br\/>Elle nous permettra de garder le contact, si vous le souhaitez, n&rsquo;h\u00e9sitez pas \u00e0 me contacter au besoin.<br\/><br\/>Cordialement<br\/><br\/>St\u00e9phane Porte<\/p><div><div class=\"tnp tnp-subscription-minimal  \"><form action=\"https:\/\/www.spconseils.eu\/wp-admin\/admin-ajax.php?action=tnp&amp;na=s\" method=\"post\" style=\"text-align: center\"><input type=\"hidden\" name=\"nr\" value=\"minimal\">\n<input type=\"hidden\" name=\"nlang\" value=\"\">\n<input class=\"tnp-email\" type=\"email\" required name=\"ne\" value=\"\" placeholder=\"Email\"><input class=\"tnp-submit\" type=\"submit\" value=\"S&#039;abonner\" style=\"\">\n<div class=\"tnp-field tnp-privacy-field\"><label><input type=\"checkbox\" name=\"ny\" required class=\"tnp-privacy\"> <a target=\"_blank\" href=\"https:\/\/www.spconseils.eu\/index.php\/politique-de-confidentialite\/\">En continuant, vous acceptez la politique de confidentialit\u00e9 qui respecte la RGPD Europ\u00e9enne dans le cas o\u00f9 vous \u00e9crivez des commentaires sur le site. <\/a><\/label><\/div><\/form><\/div>\n<\/div><\/div>\n","protected":false},"excerpt":{"rendered":"","protected":false},"author":1,"featured_media":0,"parent":0,"menu_order":0,"comment_status":"closed","ping_status":"closed","template":"","meta":{"footnotes":""},"class_list":["post-258","page","type-page","status-publish","hentry"],"_links":{"self":[{"href":"https:\/\/www.spconseils.eu\/index.php\/wp-json\/wp\/v2\/pages\/258","targetHints":{"allow":["GET"]}}],"collection":[{"href":"https:\/\/www.spconseils.eu\/index.php\/wp-json\/wp\/v2\/pages"}],"about":[{"href":"https:\/\/www.spconseils.eu\/index.php\/wp-json\/wp\/v2\/types\/page"}],"author":[{"embeddable":true,"href":"https:\/\/www.spconseils.eu\/index.php\/wp-json\/wp\/v2\/users\/1"}],"replies":[{"embeddable":true,"href":"https:\/\/www.spconseils.eu\/index.php\/wp-json\/wp\/v2\/comments?post=258"}],"version-history":[{"count":4,"href":"https:\/\/www.spconseils.eu\/index.php\/wp-json\/wp\/v2\/pages\/258\/revisions"}],"predecessor-version":[{"id":354,"href":"https:\/\/www.spconseils.eu\/index.php\/wp-json\/wp\/v2\/pages\/258\/revisions\/354"}],"wp:attachment":[{"href":"https:\/\/www.spconseils.eu\/index.php\/wp-json\/wp\/v2\/media?parent=258"}],"curies":[{"name":"wp","href":"https:\/\/api.w.org\/{rel}","templated":true}]}}